{"id":340,"date":"2026-02-09T17:42:27","date_gmt":"2026-02-09T16:42:27","guid":{"rendered":"https:\/\/quantobasta.ch\/impressum\/"},"modified":"2026-02-12T10:56:08","modified_gmt":"2026-02-12T09:56:08","slug":"impressum","status":"publish","type":"page","link":"https:\/\/quantobasta.ch\/de\/impressum\/","title":{"rendered":"IMPRESSUM"},"content":{"rendered":"\n<h2 class=\"wp-block-heading\">Impressum<\/h2>\n\n<p><strong>QB RESTAURANT SAGL<\/strong><br\/>Viale Stefano Franscini 41<br\/>6500 Bellinzona<br\/>Schweiz<\/p>\n\n<p>\ud83d\udcde <strong>Telefon:<\/strong> +41 91 825 10 91<br\/>\ud83d\udce7 <strong>E-Mail:<\/strong> <a>info@quantobasta.ch<\/a><\/p>\n\n<p><strong>Rechtsform:<\/strong> Gesellschaft mit beschr\u00e4nkter Haftung (Sagl)<br\/><strong>Handelsregistereintrag:<\/strong><br\/>Handelsregisteramt des Kantons Tessin<br\/>Registernummer: <strong>CH-501.4.030.054-4<\/strong><\/p>\n\n<p><strong>UID \/ MWST:<\/strong> CHE-259.336.314<\/p>\n\n<p><strong>Gesch\u00e4ftsf\u00fchrung:<\/strong><\/p>\n\n<ul class=\"wp-block-list\">\n<li>Gianluca Mario Maria Molo<\/li>\n\n\n\n<li>Daniele Rubinato<\/li>\n\n\n\n<li>Daniele Santamaria<\/li>\n<\/ul>\n\n<p><strong>Zeichnungsberechtigte Personen:<\/strong><\/p>\n\n<ul class=\"wp-block-list\">\n<li>Gianluca Mario Maria Molo<\/li>\n\n\n\n<li>Daniele Rubinato<\/li>\n<\/ul>\n\n<p><strong>Wirtschaftszweig:<\/strong><br\/>Betrieb von Gastronomieunternehmen<\/p>\n\n<p><strong>Zweck der Gesellschaft:<\/strong><br\/>Zweck der Gesellschaft ist die Verwaltung, die F\u00fchrung und der Betrieb von Restaurants, Bars, Caf\u00e9s und \u00f6ffentlichen Betrieben aller Art sowie die Erbringung von Verpflegungsdienstleistungen, einschlie\u00dflich Catering, Zubereitung und Verkauf von Speisen zum Mitnehmen, Organisation von Events und Veranstaltungen sowie alle mit dem Gesellschaftszweck verbundenen kommerziellen und finanziellen Aktivit\u00e4ten.<\/p>\n\n<hr class=\"wp-block-separator has-alpha-channel-opacity\"\/>\n\n<h3 class=\"wp-block-heading\">Realisierung der Website<\/h3>\n\n<p>Website erstellt von <strong>Swiss Web Studio<\/strong><br\/>\ud83c\udf10 <a href=\"https:\/\/swisswebstudio.com\">https:\/\/swisswebstudio.com<\/a><\/p>\n","protected":false},"excerpt":{"rendered":"<p>Impressum QB RESTAURANT SAGLViale Stefano Franscini 416500 BellinzonaSchweiz \ud83d\udcde Telefon: +41 91 825 10 91\ud83d\udce7 E-Mail: info@quantobasta.ch Rechtsform: Gesellschaft mit beschr\u00e4nkter Haftung (Sagl)Handelsregistereintrag:Handelsregisteramt des Kantons TessinRegisternummer: CH-501.4.030.054-4 UID \/ MWST: CHE-259.336.314 Gesch\u00e4ftsf\u00fchrung: Zeichnungsberechtigte Personen: Wirtschaftszweig:Betrieb von Gastronomieunternehmen Zweck der Gesellschaft:Zweck der Gesellschaft ist die Verwaltung, die F\u00fchrung und der Betrieb von Restaurants, Bars, Caf\u00e9s und [&hellip;]<\/p>\n","protected":false},"author":2,"featured_media":0,"parent":0,"menu_order":0,"comment_status":"closed","ping_status":"closed","template":"","meta":{"_acf_changed":false,"_seopress_robots_primary_cat":"","_seopress_titles_title":"","_seopress_titles_desc":"","_seopress_robots_index":"","footnotes":""},"class_list":["post-340","page","type-page","status-publish","hentry"],"acf":[],"_links":{"self":[{"href":"https:\/\/quantobasta.ch\/de\/wp-json\/wp\/v2\/pages\/340","targetHints":{"allow":["GET"]}}],"collection":[{"href":"https:\/\/quantobasta.ch\/de\/wp-json\/wp\/v2\/pages"}],"about":[{"href":"https:\/\/quantobasta.ch\/de\/wp-json\/wp\/v2\/types\/page"}],"author":[{"embeddable":true,"href":"https:\/\/quantobasta.ch\/de\/wp-json\/wp\/v2\/users\/2"}],"replies":[{"embeddable":true,"href":"https:\/\/quantobasta.ch\/de\/wp-json\/wp\/v2\/comments?post=340"}],"version-history":[{"count":1,"href":"https:\/\/quantobasta.ch\/de\/wp-json\/wp\/v2\/pages\/340\/revisions"}],"predecessor-version":[{"id":341,"href":"https:\/\/quantobasta.ch\/de\/wp-json\/wp\/v2\/pages\/340\/revisions\/341"}],"wp:attachment":[{"href":"https:\/\/quantobasta.ch\/de\/wp-json\/wp\/v2\/media?parent=340"}],"curies":[{"name":"wp","href":"https:\/\/api.w.org\/{rel}","templated":true}]}}