{"id":371,"date":"2026-02-06T14:49:48","date_gmt":"2026-02-06T13:49:48","guid":{"rendered":"https:\/\/quantobasta.ch\/menue\/"},"modified":"2026-02-12T10:57:14","modified_gmt":"2026-02-12T09:57:14","slug":"menue","status":"publish","type":"page","link":"https:\/\/quantobasta.ch\/de\/menue\/","title":{"rendered":"Men\u00fc"},"content":{"rendered":"\t\t<div data-elementor-type=\"wp-page\" data-elementor-id=\"371\" class=\"elementor elementor-371 elementor-146\" data-elementor-post-type=\"page\">\n\t\t\t\t<div class=\"elementor-element elementor-element-02b3d2e e-flex e-con-boxed e-con e-parent\" data-id=\"02b3d2e\" data-element_type=\"container\" data-e-type=\"container\" data-settings=\"{&quot;background_background&quot;:&quot;classic&quot;}\">\n\t\t\t\t\t<div class=\"e-con-inner\">\n\t\t<div class=\"elementor-element elementor-element-5ee3ac8 e-con-full e-flex e-con e-child\" data-id=\"5ee3ac8\" data-element_type=\"container\" data-e-type=\"container\">\n\t\t\t\t<\/div>\n\t\t\t\t\t<\/div>\n\t\t\t\t<\/div>\n\t\t<div class=\"elementor-element elementor-element-7ab851b e-flex e-con-boxed e-con e-parent\" data-id=\"7ab851b\" data-element_type=\"container\" data-e-type=\"container\" data-settings=\"{&quot;background_background&quot;:&quot;classic&quot;}\">\n\t\t\t\t\t<div class=\"e-con-inner\">\n\t\t<div class=\"elementor-element elementor-element-51c0e12 e-con-full e-flex e-con e-child\" data-id=\"51c0e12\" data-element_type=\"container\" data-e-type=\"container\">\n\t\t\t\t<div class=\"elementor-element elementor-element-eb5f1cd elementor-widget elementor-widget-heading\" data-id=\"eb5f1cd\" data-element_type=\"widget\" data-e-type=\"widget\" data-widget_type=\"heading.default\">\n\t\t\t\t\t<h4 class=\"elementor-heading-title elementor-size-default\">Unsere Vorschl\u00e4ge, Quanto Basta<\/h4>\t\t\t\t<\/div>\n\t\t\t\t<div class=\"elementor-element elementor-element-c1e44c5 elementor-widget-divider--view-line elementor-widget elementor-widget-divider\" data-id=\"c1e44c5\" data-element_type=\"widget\" data-e-type=\"widget\" data-widget_type=\"divider.default\">\n\t\t\t\t\t\t\t<div class=\"elementor-divider\">\n\t\t\t<span class=\"elementor-divider-separator\">\n\t\t\t\t\t\t<\/span>\n\t\t<\/div>\n\t\t\t\t\t\t<\/div>\n\t\t\t\t<div class=\"elementor-element elementor-element-585f3cf elementor-widget elementor-widget-heading\" data-id=\"585f3cf\" data-element_type=\"widget\" data-e-type=\"widget\" data-widget_type=\"heading.default\">\n\t\t\t\t\t<h2 class=\"elementor-heading-title elementor-size-default\">Men\u00fc<\/h2>\t\t\t\t<\/div>\n\t\t\t\t<div class=\"elementor-element elementor-element-d1a6386 elementor-widget elementor-widget-text-editor\" data-id=\"d1a6386\" data-element_type=\"widget\" data-e-type=\"widget\" data-widget_type=\"text-editor.default\">\n\t\t\t\t\t\t\t\t\t<p data-start=\"238\" data-end=\"420\">Das <strong data-start=\"241\" data-end=\"281\">Men\u00fc des QB Restaurant in Bellinzona<\/strong> spiegelt unsere Vorstellung von K\u00fcche wider: essenziell, ehrlich, geleitet vom Respekt vor dem Rohstoff und der Leidenschaft f\u00fcr authentischen Geschmack.<\/p><p data-start=\"422\" data-end=\"793\">Jedes Angebot entsteht aus einer sorgf\u00e4ltigen Auswahl der Zutaten und einem ausgewogenen Verh\u00e4ltnis zwischen Tradition und Kreativit\u00e4t.<br data-start=\"542\" data-end=\"545\">Hier finden Sie <strong data-start=\"559\" data-end=\"590\">hausgemachte frische Pasta<\/strong> mit Saucen, die den Geschmack unterstreichen, ohne ihn zu \u00fcberdecken, <strong data-start=\"651\" data-end=\"684\">knusprige und leichte Pizzen aus dem Holzofen<\/strong> sowie <strong data-start=\"709\" data-end=\"741\">ausgew\u00e4hltes Fleisch vom Grill<\/strong>, das mit Pr\u00e4zision gegart wird, um jede Nuance hervorzuheben.<\/p><p data-start=\"795\" data-end=\"948\">Unser Men\u00fc folgt der <strong data-start=\"819\" data-end=\"835\">Saisonalit\u00e4t<\/strong> und dem Rhythmus der Region und entwickelt sich st\u00e4ndig weiter, um stets authentische, harmonische und niemals \u00fcberladene Gerichte anzubieten.<\/p><p data-start=\"950\" data-end=\"1148\">Ob Sie eine Pizza zum Teilen, ein Hauptgericht, das nach Heimat duftet, oder ein charakterstarkes Fleischgericht vom Grill w\u00e4hlen \u2013 jeder Gang wird mit <strong data-start=\"1102\" data-end=\"1147\">dem richtigen Ma\u00df (Quanto Basta) an Sorgfalt, Leidenschaft und Respekt<\/strong> zubereitet.<\/p><p data-start=\"1150\" data-end=\"1261\">Nehmen Sie sich Zeit, unsere Angebote zu erkunden, und lassen Sie sich vom Geschmack leiten.<br data-start=\"1233\" data-end=\"1236\">Den Rest erledigt die K\u00fcche.<\/p>\t\t\t\t\t\t\t\t<\/div>\n\t\t<div class=\"elementor-element elementor-element-24a1733 e-grid e-con-full e-con e-child\" data-id=\"24a1733\" data-element_type=\"container\" data-e-type=\"container\">\n\t\t\t\t<div class=\"elementor-element elementor-element-5866798 elementor-widget elementor-widget-icon-box\" data-id=\"5866798\" data-element_type=\"widget\" data-e-type=\"widget\" data-widget_type=\"icon-box.default\">\n\t\t\t\t\t\t\t<div class=\"elementor-icon-box-wrapper\">\n\n\t\t\t\n\t\t\t\t\t\t<div class=\"elementor-icon-box-content\">\n\n\t\t\t\t\t\t\t\t\t<h3 class=\"elementor-icon-box-title\">\n\t\t\t\t\t\t<a href=\"https:\/\/quantobasta.ch\/wp-content\/uploads\/sites\/6\/2026\/02\/MENU-VELOCE-QB-2.pdf\" >\n\t\t\t\t\t\t\tWochenmen\u00fc herunterladen\t\t\t\t\t\t<\/a>\n\t\t\t\t\t<\/h3>\n\t\t\t\t\n\t\t\t\t\n\t\t\t<\/div>\n\t\t\t\n\t\t<\/div>\n\t\t\t\t\t\t<\/div>\n\t\t\t\t<div class=\"elementor-element elementor-element-44814df elementor-widget elementor-widget-icon-box\" data-id=\"44814df\" data-element_type=\"widget\" data-e-type=\"widget\" data-widget_type=\"icon-box.default\">\n\t\t\t\t\t\t\t<div class=\"elementor-icon-box-wrapper\">\n\n\t\t\t\n\t\t\t\t\t\t<div class=\"elementor-icon-box-content\">\n\n\t\t\t\t\t\t\t\t\t<h3 class=\"elementor-icon-box-title\">\n\t\t\t\t\t\t<a href=\"https:\/\/quantobasta.ch\/wp-content\/uploads\/sites\/6\/2026\/02\/MENU-MEZZOGIORNO-new-QB.pdf\" >\n\t\t\t\t\t\t\tVollst\u00e4ndige Speisekarte herunterladen\t\t\t\t\t\t<\/a>\n\t\t\t\t\t<\/h3>\n\t\t\t\t\n\t\t\t\t\n\t\t\t<\/div>\n\t\t\t\n\t\t<\/div>\n\t\t\t\t\t\t<\/div>\n\t\t\t\t<div class=\"elementor-element elementor-element-d04e3a6 elementor-widget elementor-widget-icon-box\" data-id=\"d04e3a6\" data-element_type=\"widget\" data-e-type=\"widget\" data-widget_type=\"icon-box.default\">\n\t\t\t\t\t\t\t<div class=\"elementor-icon-box-wrapper\">\n\n\t\t\t\n\t\t\t\t\t\t<div class=\"elementor-icon-box-content\">\n\n\t\t\t\t\t\t\t\t\t<h3 class=\"elementor-icon-box-title\">\n\t\t\t\t\t\t<a href=\"https:\/\/quantobasta.ch\/wp-content\/uploads\/sites\/6\/2026\/02\/MMENU-SERA-APRILE-q.b.pdf\" >\n\t\t\t\t\t\t\tMarktmen\u00fc f\u00fcr jeden Samstagmittag herunterladen\t\t\t\t\t\t<\/a>\n\t\t\t\t\t<\/h3>\n\t\t\t\t\n\t\t\t\t\n\t\t\t<\/div>\n\t\t\t\n\t\t<\/div>\n\t\t\t\t\t\t<\/div>\n\t\t\t\t<div class=\"elementor-element elementor-element-d0d0b3c elementor-widget elementor-widget-icon-box\" data-id=\"d0d0b3c\" data-element_type=\"widget\" data-e-type=\"widget\" data-widget_type=\"icon-box.default\">\n\t\t\t\t\t\t\t<div class=\"elementor-icon-box-wrapper\">\n\n\t\t\t\n\t\t\t\t\t\t<div class=\"elementor-icon-box-content\">\n\n\t\t\t\t\t\t\t\t\t<h3 class=\"elementor-icon-box-title\">\n\t\t\t\t\t\t<a href=\"https:\/\/quantobasta.ch\/wp-content\/uploads\/sites\/6\/2026\/02\/Menu-mercato.pdf\" >\n\t\t\t\t\t\t\tGetr\u00e4nkekarte ansehen\t\t\t\t\t\t<\/a>\n\t\t\t\t\t<\/h3>\n\t\t\t\t\n\t\t\t\t\n\t\t\t<\/div>\n\t\t\t\n\t\t<\/div>\n\t\t\t\t\t\t<\/div>\n\t\t\t\t<\/div>\n\t\t\t\t<div class=\"elementor-element elementor-element-2a724c0 elementor-widget elementor-widget-spacer\" data-id=\"2a724c0\" data-element_type=\"widget\" data-e-type=\"widget\" data-widget_type=\"spacer.default\">\n\t\t\t\t\t\t\t<div class=\"elementor-spacer\">\n\t\t\t<div class=\"elementor-spacer-inner\"><\/div>\n\t\t<\/div>\n\t\t\t\t\t\t<\/div>\n\t\t\t\t<\/div>\n\t\t\t\t\t<\/div>\n\t\t\t\t<\/div>\n\t\t<div class=\"elementor-element elementor-element-87feaf3 e-flex e-con-boxed e-con e-parent\" data-id=\"87feaf3\" data-element_type=\"container\" data-e-type=\"container\">\n\t\t\t\t\t<div class=\"e-con-inner\">\n\t\t\t\t<div class=\"elementor-element elementor-element-585eb4c elementor-widget elementor-widget-text-editor\" data-id=\"585eb4c\" data-element_type=\"widget\" data-e-type=\"widget\" data-widget_type=\"text-editor.default\">\n\t\t\t\t\t\t\t\t\t<h3 class=\"wp-block-heading\">Samstagmittag<\/h3><p>Genie\u00dfen Sie unser <strong>MARKT-Men\u00fc<\/strong> oder lassen Sie sich von unserer <strong>PIZZA aus dem Holzofen<\/strong> verf\u00fchren \u2013 f\u00fcr ein authentisches und unverf\u00e4lschtes Erlebnis ganz im Sinne von QB.<\/p>\t\t\t\t\t\t\t\t<\/div>\n\t\t\t\t\t<\/div>\n\t\t\t\t<\/div>\n\t\t\t\t<\/div>\n\t\t","protected":false},"excerpt":{"rendered":"<p>Unsere Vorschl\u00e4ge, Quanto Basta Men\u00fc Das Men\u00fc des QB Restaurant in Bellinzona spiegelt unsere Vorstellung von K\u00fcche wider: essenziell, ehrlich, geleitet vom Respekt vor dem Rohstoff und der Leidenschaft f\u00fcr authentischen Geschmack. Jedes Angebot entsteht aus einer sorgf\u00e4ltigen Auswahl der Zutaten und einem ausgewogenen Verh\u00e4ltnis zwischen Tradition und Kreativit\u00e4t.Hier finden Sie hausgemachte frische Pasta mit [&hellip;]<\/p>\n","protected":false},"author":2,"featured_media":0,"parent":0,"menu_order":0,"comment_status":"closed","ping_status":"closed","template":"","meta":{"_acf_changed":false,"_seopress_robots_primary_cat":"","_seopress_titles_title":"Men\u00fc | QB Restaurant in Bellinzona","_seopress_titles_desc":"Entdecken Sie das Men\u00fc des QB Restaurant in Bellinzona: hausgemachte frische Pasta, Pizza aus dem Holzofen und ausgew\u00e4hlte Fleischgerichte vom Grill.","_seopress_robots_index":"","footnotes":""},"class_list":["post-371","page","type-page","status-publish","hentry"],"acf":[],"_links":{"self":[{"href":"https:\/\/quantobasta.ch\/de\/wp-json\/wp\/v2\/pages\/371","targetHints":{"allow":["GET"]}}],"collection":[{"href":"https:\/\/quantobasta.ch\/de\/wp-json\/wp\/v2\/pages"}],"about":[{"href":"https:\/\/quantobasta.ch\/de\/wp-json\/wp\/v2\/types\/page"}],"author":[{"embeddable":true,"href":"https:\/\/quantobasta.ch\/de\/wp-json\/wp\/v2\/users\/2"}],"replies":[{"embeddable":true,"href":"https:\/\/quantobasta.ch\/de\/wp-json\/wp\/v2\/comments?post=371"}],"version-history":[{"count":1,"href":"https:\/\/quantobasta.ch\/de\/wp-json\/wp\/v2\/pages\/371\/revisions"}],"predecessor-version":[{"id":380,"href":"https:\/\/quantobasta.ch\/de\/wp-json\/wp\/v2\/pages\/371\/revisions\/380"}],"wp:attachment":[{"href":"https:\/\/quantobasta.ch\/de\/wp-json\/wp\/v2\/media?parent=371"}],"curies":[{"name":"wp","href":"https:\/\/api.w.org\/{rel}","templated":true}]}}