{"id":389,"date":"2026-02-06T10:01:49","date_gmt":"2026-02-06T09:01:49","guid":{"rendered":"https:\/\/quantobasta.ch\/das-lokal\/"},"modified":"2026-02-12T10:57:40","modified_gmt":"2026-02-12T09:57:40","slug":"das-lokal","status":"publish","type":"page","link":"https:\/\/quantobasta.ch\/de\/das-lokal\/","title":{"rendered":"Das Lokal"},"content":{"rendered":"\t\t<div data-elementor-type=\"wp-page\" data-elementor-id=\"389\" class=\"elementor elementor-389 elementor-109\" data-elementor-post-type=\"page\">\n\t\t\t\t<div class=\"elementor-element elementor-element-36afdddc e-flex e-con-boxed e-con e-parent\" data-id=\"36afdddc\" data-element_type=\"container\" data-e-type=\"container\" data-settings=\"{&quot;background_background&quot;:&quot;classic&quot;}\">\n\t\t\t\t\t<div class=\"e-con-inner\">\n\t\t<div class=\"elementor-element elementor-element-2df7188a e-con-full e-flex e-con e-child\" data-id=\"2df7188a\" data-element_type=\"container\" data-e-type=\"container\">\n\t\t\t\t<\/div>\n\t\t\t\t\t<\/div>\n\t\t\t\t<\/div>\n\t\t<div class=\"elementor-element elementor-element-71cf776 e-flex e-con-boxed e-con e-parent\" data-id=\"71cf776\" data-element_type=\"container\" data-e-type=\"container\" data-settings=\"{&quot;background_background&quot;:&quot;classic&quot;}\">\n\t\t\t\t\t<div class=\"e-con-inner\">\n\t\t<div class=\"elementor-element elementor-element-e41a27a e-con-full e-flex e-con e-child\" data-id=\"e41a27a\" data-element_type=\"container\" data-e-type=\"container\">\n\t\t\t\t<div class=\"elementor-element elementor-element-5855e43 elementor-widget elementor-widget-heading\" data-id=\"5855e43\" data-element_type=\"widget\" data-e-type=\"widget\" data-widget_type=\"heading.default\">\n\t\t\t\t\t<h4 class=\"elementor-heading-title elementor-size-default\">QB Restaurant in Bellinzona<\/h4>\t\t\t\t<\/div>\n\t\t\t\t<div class=\"elementor-element elementor-element-10e19a2 elementor-widget-divider--view-line elementor-widget elementor-widget-divider\" data-id=\"10e19a2\" data-element_type=\"widget\" data-e-type=\"widget\" data-widget_type=\"divider.default\">\n\t\t\t\t\t\t\t<div class=\"elementor-divider\">\n\t\t\t<span class=\"elementor-divider-separator\">\n\t\t\t\t\t\t<\/span>\n\t\t<\/div>\n\t\t\t\t\t\t<\/div>\n\t\t\t\t<div class=\"elementor-element elementor-element-f7485ae elementor-widget elementor-widget-heading\" data-id=\"f7485ae\" data-element_type=\"widget\" data-e-type=\"widget\" data-widget_type=\"heading.default\">\n\t\t\t\t\t<h2 class=\"elementor-heading-title elementor-size-default\">Unser Lokal <\/h2>\t\t\t\t<\/div>\n\t\t\t\t<div class=\"elementor-element elementor-element-338d924 elementor-widget elementor-widget-text-editor\" data-id=\"338d924\" data-element_type=\"widget\" data-e-type=\"widget\" data-widget_type=\"text-editor.default\">\n\t\t\t\t\t\t\t\t\t<p data-start=\"303\" data-end=\"625\">Das <strong data-start=\"306\" data-end=\"337\">QB Restaurant in Bellinzona<\/strong> empf\u00e4ngt Sie in einem Ambiente, in dem Eleganz, W\u00e4rme und Schlichtheit in perfektem Gleichgewicht koexistieren.<br data-start=\"433\" data-end=\"436\">Ein Raum, der darauf ausgelegt ist, dass Sie sich sofort wohlf\u00fchlen, und in dem jedes Detail die Philosophie des <strong data-start=\"541\" data-end=\"557\">Quanto Basta<\/strong> widerspiegelt: das \u00dcberfl\u00fcssige weglassen, um Raum f\u00fcr das Wesentliche zu schaffen.<\/p><p data-start=\"627\" data-end=\"864\">Unser k\u00fcrzlich renoviertes Lokal vereint klare Linien, harmonische Materialien und eine intime, famili\u00e4re Atmosph\u00e4re. Hier verlangsamt sich die Zeit, Geselligkeit nimmt Gestalt an und das Erlebnis geht \u00fcber den Teller hinaus \u2013 es wird zu echter Gastfreundschaft. <\/p><h3 data-start=\"866\" data-end=\"913\">Panoramaterrasse mit Blick auf Bellinzona<\/h3><p data-start=\"914\" data-end=\"1237\">F\u00fcr all jene, die das Restaurant auch im Freien genie\u00dfen m\u00f6chten, bietet unsere <strong data-start=\"980\" data-end=\"998\">gro\u00dfz\u00fcgige Terrasse<\/strong> zu jeder Tageszeit einen stimmungsvollen Rahmen.<br data-start=\"1059\" data-end=\"1062\">Sie ist der ideale Ort f\u00fcr einen Aperitif, ein Mittag- oder Abendessen mit <strong data-start=\"1123\" data-end=\"1184\">Blick auf den Pizzo di Claro und die drei Burgen von Bellinzona<\/strong>, UNESCO-Welterbe und Wahrzeichen des Tessins.<\/p><p data-start=\"1239\" data-end=\"1308\">Ein Erlebnis, das Geschmack, Landschaft und die Freude am Zusammensein vereint.<\/p><h3 data-start=\"1310\" data-end=\"1355\">Ein vielseitiges Ambiente f\u00fcr jeden Anlass<\/h3><p data-start=\"1356\" data-end=\"1585\">Mit <strong data-start=\"1360\" data-end=\"1387\">rund 60 Sitzpl\u00e4tzen<\/strong> ist das QB Restaurant ein einladendes und funktionales Lokal, das f\u00fcr jede Art von Gast geeignet ist.<br data-start=\"1473\" data-end=\"1476\">Familien, Paare, Freunde oder kleine Gruppen finden hier stets die passende Atmosph\u00e4re: entspannt, gepflegt und niemals \u00fcbertrieben.<\/p><p data-start=\"1587\" data-end=\"1726\">Wie in unserer K\u00fcche finden Sie auch in unserem Lokal kein Prunken, sondern Harmonie.<br data-start=\"1669\" data-end=\"1672\">Keine Exzesse, sondern Aufmerksamkeit.<br data-start=\"1699\" data-end=\"1702\">Keinen L\u00e4rm, sondern Pr\u00e4senz.<\/p><p data-start=\"1728\" data-end=\"1932\">Unsere R\u00e4umlichkeiten eignen sich auch f\u00fcr <strong data-start=\"1763\" data-end=\"1808\">besondere Anl\u00e4sse, private Abendessen und Bankette<\/strong>, mit ma\u00dfgeschneiderten L\u00f6sungen und einem aufmerksamen Service, der darauf ausgerichtet ist, jede Gelegenheit im Sinne des QB-Stils einzigartig zu machen.<\/p><h3 data-start=\"1934\" data-end=\"1970\">Gerade genug, um sich wie zu Hause zu f\u00fchlen<\/h3><p data-start=\"1971\" data-end=\"2158\">Wir erwarten Sie im <strong data-start=\"1988\" data-end=\"2019\">QB Restaurant in Bellinzona<\/strong>, um ein Erlebnis zu genie\u00dfen, bei dem Eleganz auf Vertrautheit trifft und jedes Detail darauf ausgelegt ist, dass Sie sich willkommen, geh\u00f6rt und wie zu Hause f\u00fchlen.<\/p><p data-start=\"2160\" data-end=\"2173\">Quanto basta.<\/p>\t\t\t\t\t\t\t\t<\/div>\n\t\t\t\t<div class=\"elementor-element elementor-element-a5dbe97 elementor-widget elementor-widget-spacer\" data-id=\"a5dbe97\" data-element_type=\"widget\" data-e-type=\"widget\" data-widget_type=\"spacer.default\">\n\t\t\t\t\t\t\t<div class=\"elementor-spacer\">\n\t\t\t<div class=\"elementor-spacer-inner\"><\/div>\n\t\t<\/div>\n\t\t\t\t\t\t<\/div>\n\t\t\t\t<\/div>\n\t\t\t\t\t<\/div>\n\t\t\t\t<\/div>\n\t\t\t\t<\/div>\n\t\t","protected":false},"excerpt":{"rendered":"<p>QB Restaurant in Bellinzona Unser Lokal Das QB Restaurant in Bellinzona empf\u00e4ngt Sie in einem Ambiente, in dem Eleganz, W\u00e4rme und Schlichtheit in perfektem Gleichgewicht koexistieren.Ein Raum, der darauf ausgelegt ist, dass Sie sich sofort wohlf\u00fchlen, und in dem jedes Detail die Philosophie des Quanto Basta widerspiegelt: das \u00dcberfl\u00fcssige weglassen, um Raum f\u00fcr das Wesentliche [&hellip;]<\/p>\n","protected":false},"author":2,"featured_media":0,"parent":0,"menu_order":0,"comment_status":"closed","ping_status":"closed","template":"","meta":{"_acf_changed":false,"_seopress_robots_primary_cat":"","_seopress_titles_title":"Das Lokal und die Terrasse | QB Restaurant Bellinzona","_seopress_titles_desc":"QB Restaurant in Bellinzona: renoviertes Lokal, gem\u00fctliche Atmosph\u00e4re und Panoramaterrasse mit Blick auf die drei UNESCO-Burgen des Tessins.","_seopress_robots_index":"","footnotes":""},"class_list":["post-389","page","type-page","status-publish","hentry"],"acf":[],"_links":{"self":[{"href":"https:\/\/quantobasta.ch\/de\/wp-json\/wp\/v2\/pages\/389","targetHints":{"allow":["GET"]}}],"collection":[{"href":"https:\/\/quantobasta.ch\/de\/wp-json\/wp\/v2\/pages"}],"about":[{"href":"https:\/\/quantobasta.ch\/de\/wp-json\/wp\/v2\/types\/page"}],"author":[{"embeddable":true,"href":"https:\/\/quantobasta.ch\/de\/wp-json\/wp\/v2\/users\/2"}],"replies":[{"embeddable":true,"href":"https:\/\/quantobasta.ch\/de\/wp-json\/wp\/v2\/comments?post=389"}],"version-history":[{"count":1,"href":"https:\/\/quantobasta.ch\/de\/wp-json\/wp\/v2\/pages\/389\/revisions"}],"predecessor-version":[{"id":390,"href":"https:\/\/quantobasta.ch\/de\/wp-json\/wp\/v2\/pages\/389\/revisions\/390"}],"wp:attachment":[{"href":"https:\/\/quantobasta.ch\/de\/wp-json\/wp\/v2\/media?parent=389"}],"curies":[{"name":"wp","href":"https:\/\/api.w.org\/{rel}","templated":true}]}}