{"id":338,"date":"2026-02-09T17:43:25","date_gmt":"2026-02-09T16:43:25","guid":{"rendered":"https:\/\/quantobasta.ch\/conditions-dutilisation\/"},"modified":"2026-02-12T10:55:59","modified_gmt":"2026-02-12T09:55:59","slug":"conditions-dutilisation","status":"publish","type":"page","link":"https:\/\/quantobasta.ch\/fr\/conditions-dutilisation\/","title":{"rendered":"CONDITIONS D\u2019UTILISATION"},"content":{"rendered":"\n<h2 class=\"wp-block-heading\">Conditions d\u2019utilisation du site web<\/h2>\n\n<p>L\u2019acc\u00e8s et l\u2019utilisation du site <strong>quantobasta.ch<\/strong> impliquent l\u2019acceptation des pr\u00e9sentes Conditions d\u2019utilisation.<\/p>\n\n<h3 class=\"wp-block-heading\">Contenus<\/h3>\n\n<p>Tous les contenus du site (textes, images, logos, graphiques) sont la propri\u00e9t\u00e9 de QB RESTAURANT SAGL ou utilis\u00e9s avec autorisation et sont prot\u00e9g\u00e9s par les lois sur le droit d\u2019auteur. Toute reproduction sans consentement \u00e9crit est interdite.<\/p>\n\n<h3 class=\"wp-block-heading\">Utilisation du site<\/h3>\n\n<p>L\u2019utilisateur s\u2019engage \u00e0 utiliser le site de mani\u00e8re licite et correcte, en \u00e9vitant tout comportement susceptible d\u2019endommager le site, son fonctionnement ou sa s\u00e9curit\u00e9.<\/p>\n\n<h3 class=\"wp-block-heading\">Responsabilit\u00e9<\/h3>\n\n<p>QB RESTAURANT SAGL ne garantit pas que les informations pr\u00e9sentes sur le site soient toujours \u00e0 jour, compl\u00e8tes ou exemptes d\u2019erreurs. L\u2019utilisation des informations rel\u00e8ve de la responsabilit\u00e9 de l\u2019utilisateur.<\/p>\n\n<h3 class=\"wp-block-heading\">Liens externes<\/h3>\n\n<p>Le site peut contenir des liens vers des sites externes. QB RESTAURANT SAGL n\u2019est pas responsable des contenus ou des politiques de ces sites.<\/p>\n\n<h3 class=\"wp-block-heading\">Modifications<\/h3>\n\n<p>QB RESTAURANT SAGL se r\u00e9serve le droit de modifier \u00e0 tout moment les contenus du site et les pr\u00e9sentes Conditions d\u2019utilisation sans pr\u00e9avis.<\/p>\n\n<h3 class=\"wp-block-heading\">Tribunal comp\u00e9tent<\/h3>\n\n<p>Pour tout litige, le tribunal comp\u00e9tent est celui de <strong>Bellinzone<\/strong>, Suisse.<\/p>\n","protected":false},"excerpt":{"rendered":"<p>Conditions d\u2019utilisation du site web L\u2019acc\u00e8s et l\u2019utilisation du site quantobasta.ch impliquent l\u2019acceptation des pr\u00e9sentes Conditions d\u2019utilisation. Contenus Tous les contenus du site (textes, images, logos, graphiques) sont la propri\u00e9t\u00e9 de QB RESTAURANT SAGL ou utilis\u00e9s avec autorisation et sont prot\u00e9g\u00e9s par les lois sur le droit d\u2019auteur. Toute reproduction sans consentement \u00e9crit est interdite. [&hellip;]<\/p>\n","protected":false},"author":2,"featured_media":0,"parent":0,"menu_order":0,"comment_status":"closed","ping_status":"closed","template":"","meta":{"_acf_changed":false,"_seopress_robots_primary_cat":"","_seopress_titles_title":"","_seopress_titles_desc":"","_seopress_robots_index":"","footnotes":""},"class_list":["post-338","page","type-page","status-publish","hentry"],"acf":[],"_links":{"self":[{"href":"https:\/\/quantobasta.ch\/fr\/wp-json\/wp\/v2\/pages\/338","targetHints":{"allow":["GET"]}}],"collection":[{"href":"https:\/\/quantobasta.ch\/fr\/wp-json\/wp\/v2\/pages"}],"about":[{"href":"https:\/\/quantobasta.ch\/fr\/wp-json\/wp\/v2\/types\/page"}],"author":[{"embeddable":true,"href":"https:\/\/quantobasta.ch\/fr\/wp-json\/wp\/v2\/users\/2"}],"replies":[{"embeddable":true,"href":"https:\/\/quantobasta.ch\/fr\/wp-json\/wp\/v2\/comments?post=338"}],"version-history":[{"count":1,"href":"https:\/\/quantobasta.ch\/fr\/wp-json\/wp\/v2\/pages\/338\/revisions"}],"predecessor-version":[{"id":339,"href":"https:\/\/quantobasta.ch\/fr\/wp-json\/wp\/v2\/pages\/338\/revisions\/339"}],"wp:attachment":[{"href":"https:\/\/quantobasta.ch\/fr\/wp-json\/wp\/v2\/media?parent=338"}],"curies":[{"name":"wp","href":"https:\/\/api.w.org\/{rel}","templated":true}]}}