{"id":350,"date":"2026-02-06T10:01:49","date_gmt":"2026-02-06T09:01:49","guid":{"rendered":"https:\/\/quantobasta.ch\/letablissement\/"},"modified":"2026-02-12T10:57:05","modified_gmt":"2026-02-12T09:57:05","slug":"letablissement","status":"publish","type":"page","link":"https:\/\/quantobasta.ch\/fr\/letablissement\/","title":{"rendered":"L\u2019\u00e9tablissement"},"content":{"rendered":"\t\t<div data-elementor-type=\"wp-page\" data-elementor-id=\"350\" class=\"elementor elementor-350 elementor-109\" data-elementor-post-type=\"page\">\n\t\t\t\t<div class=\"elementor-element elementor-element-36afdddc e-flex e-con-boxed e-con e-parent\" data-id=\"36afdddc\" data-element_type=\"container\" data-e-type=\"container\" data-settings=\"{&quot;background_background&quot;:&quot;classic&quot;}\">\n\t\t\t\t\t<div class=\"e-con-inner\">\n\t\t<div class=\"elementor-element elementor-element-2df7188a e-con-full e-flex e-con e-child\" data-id=\"2df7188a\" data-element_type=\"container\" data-e-type=\"container\">\n\t\t\t\t<\/div>\n\t\t\t\t\t<\/div>\n\t\t\t\t<\/div>\n\t\t<div class=\"elementor-element elementor-element-71cf776 e-flex e-con-boxed e-con e-parent\" data-id=\"71cf776\" data-element_type=\"container\" data-e-type=\"container\" data-settings=\"{&quot;background_background&quot;:&quot;classic&quot;}\">\n\t\t\t\t\t<div class=\"e-con-inner\">\n\t\t<div class=\"elementor-element elementor-element-e41a27a e-con-full e-flex e-con e-child\" data-id=\"e41a27a\" data-element_type=\"container\" data-e-type=\"container\">\n\t\t\t\t<div class=\"elementor-element elementor-element-5855e43 elementor-widget elementor-widget-heading\" data-id=\"5855e43\" data-element_type=\"widget\" data-e-type=\"widget\" data-widget_type=\"heading.default\">\n\t\t\t\t\t<h4 class=\"elementor-heading-title elementor-size-default\">QB Restaurant \u00e0 Bellinzona<\/h4>\t\t\t\t<\/div>\n\t\t\t\t<div class=\"elementor-element elementor-element-10e19a2 elementor-widget-divider--view-line elementor-widget elementor-widget-divider\" data-id=\"10e19a2\" data-element_type=\"widget\" data-e-type=\"widget\" data-widget_type=\"divider.default\">\n\t\t\t\t\t\t\t<div class=\"elementor-divider\">\n\t\t\t<span class=\"elementor-divider-separator\">\n\t\t\t\t\t\t<\/span>\n\t\t<\/div>\n\t\t\t\t\t\t<\/div>\n\t\t\t\t<div class=\"elementor-element elementor-element-f7485ae elementor-widget elementor-widget-heading\" data-id=\"f7485ae\" data-element_type=\"widget\" data-e-type=\"widget\" data-widget_type=\"heading.default\">\n\t\t\t\t\t<h2 class=\"elementor-heading-title elementor-size-default\">Notre \u00c9tablissement <\/h2>\t\t\t\t<\/div>\n\t\t\t\t<div class=\"elementor-element elementor-element-338d924 elementor-widget elementor-widget-text-editor\" data-id=\"338d924\" data-element_type=\"widget\" data-e-type=\"widget\" data-widget_type=\"text-editor.default\">\n\t\t\t\t\t\t\t\t\t<p data-start=\"303\" data-end=\"625\">Le <strong data-start=\"306\" data-end=\"337\">QB Restaurant de Bellinzona<\/strong> vous accueille dans un cadre o\u00f9 l\u2019\u00e9l\u00e9gance, la chaleur et la simplicit\u00e9 cohabitent en parfait \u00e9quilibre.<br data-start=\"433\" data-end=\"436\">Un espace con\u00e7u pour vous faire sentir imm\u00e9diatement \u00e0 l\u2019aise, o\u00f9 chaque d\u00e9tail refl\u00e8te la philosophie du <strong data-start=\"541\" data-end=\"557\">Quanto Basta<\/strong> : supprimer le superflu pour laisser place \u00e0 ce qui compte vraiment.<\/p><p data-start=\"627\" data-end=\"864\">R\u00e9cemment r\u00e9nov\u00e9, notre \u00e9tablissement allie lignes \u00e9pur\u00e9es, mat\u00e9riaux harmonieux et une atmosph\u00e8re intime et familiale. Ici, le temps ralentit, la convivialit\u00e9 prend forme et l\u2019exp\u00e9rience va au-del\u00e0 de l\u2019assiette pour devenir un accueil authentique. <\/p><h3 data-start=\"866\" data-end=\"913\">Terrasse panoramique avec vue sur Bellinzona<\/h3><p data-start=\"914\" data-end=\"1237\">Pour ceux qui souhaitent profiter du restaurant en plein air, notre <strong data-start=\"980\" data-end=\"998\">vaste terrasse<\/strong> offre un cadre suggestif \u00e0 tout moment de la journ\u00e9e.<br data-start=\"1059\" data-end=\"1062\">C\u2019est le lieu id\u00e9al pour un ap\u00e9ritif, un d\u00e9jeuner ou un d\u00eener avec <strong data-start=\"1123\" data-end=\"1184\">vue sur le Pizzo di Claro et sur les trois ch\u00e2teaux de Bellinzona<\/strong>, patrimoine de l\u2019UNESCO et symbole du territoire tessinois.<\/p><p data-start=\"1239\" data-end=\"1308\">Une exp\u00e9rience qui unit go\u00fbt, paysage et plaisir d\u2019\u00eatre ensemble.<\/p><h3 data-start=\"1310\" data-end=\"1355\">Un cadre polyvalent, pour chaque occasion<\/h3><p data-start=\"1356\" data-end=\"1585\">Avec <strong data-start=\"1360\" data-end=\"1387\">environ 60 places assises<\/strong>, le QB Restaurant est un lieu accueillant et fonctionnel, adapt\u00e9 \u00e0 tout type d\u2019h\u00f4te.<br data-start=\"1473\" data-end=\"1476\">Familles, couples, amis ou petits groupes y trouvent toujours l\u2019atmosph\u00e8re id\u00e9ale : d\u00e9tendue, soign\u00e9e, jamais excessive.<\/p><p data-start=\"1587\" data-end=\"1726\">Tout comme dans notre cuisine, vous ne trouverez pas d\u2019ostentation dans notre \u00e9tablissement, mais de l\u2019harmonie.<br data-start=\"1669\" data-end=\"1672\">Pas d\u2019exc\u00e8s, mais de l\u2019attention.<br data-start=\"1699\" data-end=\"1702\">Pas de bruit, mais une pr\u00e9sence.<\/p><p data-start=\"1728\" data-end=\"1932\">Notre espace se pr\u00eate \u00e9galement \u00e0 des <strong data-start=\"1763\" data-end=\"1808\">\u00e9v\u00e9nements sp\u00e9ciaux, d\u00eeners priv\u00e9s et banquets<\/strong>, avec des solutions personnalis\u00e9es et un service attentionn\u00e9, con\u00e7u pour rendre chaque occasion unique, dans le respect du style QB.<\/p><h3 data-start=\"1934\" data-end=\"1970\">Juste ce qu\u2019il faut pour se sentir chez soi<\/h3><p data-start=\"1971\" data-end=\"2158\">Nous vous attendons au <strong data-start=\"1988\" data-end=\"2019\">QB Restaurant de Bellinzona<\/strong> pour vivre une exp\u00e9rience o\u00f9 l\u2019\u00e9l\u00e9gance rencontre la familiarit\u00e9 et o\u00f9 chaque d\u00e9tail est \u00e9tudi\u00e9 pour que vous vous sentiez accueilli, \u00e9cout\u00e9, chez vous.<\/p><p data-start=\"2160\" data-end=\"2173\">Juste ce qu\u2019il faut.<\/p>\t\t\t\t\t\t\t\t<\/div>\n\t\t\t\t<div class=\"elementor-element elementor-element-a5dbe97 elementor-widget elementor-widget-spacer\" data-id=\"a5dbe97\" data-element_type=\"widget\" data-e-type=\"widget\" data-widget_type=\"spacer.default\">\n\t\t\t\t\t\t\t<div class=\"elementor-spacer\">\n\t\t\t<div class=\"elementor-spacer-inner\"><\/div>\n\t\t<\/div>\n\t\t\t\t\t\t<\/div>\n\t\t\t\t<\/div>\n\t\t\t\t\t<\/div>\n\t\t\t\t<\/div>\n\t\t\t\t<\/div>\n\t\t","protected":false},"excerpt":{"rendered":"<p>QB Restaurant \u00e0 Bellinzona Notre \u00c9tablissement Le QB Restaurant de Bellinzona vous accueille dans un cadre o\u00f9 l\u2019\u00e9l\u00e9gance, la chaleur et la simplicit\u00e9 cohabitent en parfait \u00e9quilibre.Un espace con\u00e7u pour vous faire sentir imm\u00e9diatement \u00e0 l\u2019aise, o\u00f9 chaque d\u00e9tail refl\u00e8te la philosophie du Quanto Basta : supprimer le superflu pour laisser place \u00e0 ce qui [&hellip;]<\/p>\n","protected":false},"author":2,"featured_media":0,"parent":0,"menu_order":0,"comment_status":"closed","ping_status":"closed","template":"","meta":{"_acf_changed":false,"_seopress_robots_primary_cat":"","_seopress_titles_title":"L\u2019\u00c9tablissement et la Terrasse | QB Restaurant Bellinzona","_seopress_titles_desc":"QB Restaurant \u00e0 Bellinzona : un \u00e9tablissement r\u00e9nov\u00e9, une atmosph\u00e8re accueillante et une terrasse panoramique avec vue sur les trois ch\u00e2teaux de l\u2019UNESCO du Tessin.","_seopress_robots_index":"","footnotes":""},"class_list":["post-350","page","type-page","status-publish","hentry"],"acf":[],"_links":{"self":[{"href":"https:\/\/quantobasta.ch\/fr\/wp-json\/wp\/v2\/pages\/350","targetHints":{"allow":["GET"]}}],"collection":[{"href":"https:\/\/quantobasta.ch\/fr\/wp-json\/wp\/v2\/pages"}],"about":[{"href":"https:\/\/quantobasta.ch\/fr\/wp-json\/wp\/v2\/types\/page"}],"author":[{"embeddable":true,"href":"https:\/\/quantobasta.ch\/fr\/wp-json\/wp\/v2\/users\/2"}],"replies":[{"embeddable":true,"href":"https:\/\/quantobasta.ch\/fr\/wp-json\/wp\/v2\/comments?post=350"}],"version-history":[{"count":1,"href":"https:\/\/quantobasta.ch\/fr\/wp-json\/wp\/v2\/pages\/350\/revisions"}],"predecessor-version":[{"id":351,"href":"https:\/\/quantobasta.ch\/fr\/wp-json\/wp\/v2\/pages\/350\/revisions\/351"}],"wp:attachment":[{"href":"https:\/\/quantobasta.ch\/fr\/wp-json\/wp\/v2\/media?parent=350"}],"curies":[{"name":"wp","href":"https:\/\/api.w.org\/{rel}","templated":true}]}}