{"id":352,"date":"2026-02-06T14:49:48","date_gmt":"2026-02-06T13:49:48","guid":{"rendered":"https:\/\/quantobasta.ch\/menu\/"},"modified":"2026-02-12T10:57:05","modified_gmt":"2026-02-12T09:57:05","slug":"menu","status":"publish","type":"page","link":"https:\/\/quantobasta.ch\/fr\/menu\/","title":{"rendered":"Menu"},"content":{"rendered":"\t\t<div data-elementor-type=\"wp-page\" data-elementor-id=\"352\" class=\"elementor elementor-352 elementor-146\" data-elementor-post-type=\"page\">\n\t\t\t\t<div class=\"elementor-element elementor-element-02b3d2e e-flex e-con-boxed e-con e-parent\" data-id=\"02b3d2e\" data-element_type=\"container\" data-e-type=\"container\" data-settings=\"{&quot;background_background&quot;:&quot;classic&quot;}\">\n\t\t\t\t\t<div class=\"e-con-inner\">\n\t\t<div class=\"elementor-element elementor-element-5ee3ac8 e-con-full e-flex e-con e-child\" data-id=\"5ee3ac8\" data-element_type=\"container\" data-e-type=\"container\">\n\t\t\t\t<\/div>\n\t\t\t\t\t<\/div>\n\t\t\t\t<\/div>\n\t\t<div class=\"elementor-element elementor-element-7ab851b e-flex e-con-boxed e-con e-parent\" data-id=\"7ab851b\" data-element_type=\"container\" data-e-type=\"container\" data-settings=\"{&quot;background_background&quot;:&quot;classic&quot;}\">\n\t\t\t\t\t<div class=\"e-con-inner\">\n\t\t<div class=\"elementor-element elementor-element-51c0e12 e-con-full e-flex e-con e-child\" data-id=\"51c0e12\" data-element_type=\"container\" data-e-type=\"container\">\n\t\t\t\t<div class=\"elementor-element elementor-element-eb5f1cd elementor-widget elementor-widget-heading\" data-id=\"eb5f1cd\" data-element_type=\"widget\" data-e-type=\"widget\" data-widget_type=\"heading.default\">\n\t\t\t\t\t<h4 class=\"elementor-heading-title elementor-size-default\">Nos propositions, Quanto Basta<\/h4>\t\t\t\t<\/div>\n\t\t\t\t<div class=\"elementor-element elementor-element-c1e44c5 elementor-widget-divider--view-line elementor-widget elementor-widget-divider\" data-id=\"c1e44c5\" data-element_type=\"widget\" data-e-type=\"widget\" data-widget_type=\"divider.default\">\n\t\t\t\t\t\t\t<div class=\"elementor-divider\">\n\t\t\t<span class=\"elementor-divider-separator\">\n\t\t\t\t\t\t<\/span>\n\t\t<\/div>\n\t\t\t\t\t\t<\/div>\n\t\t\t\t<div class=\"elementor-element elementor-element-585f3cf elementor-widget elementor-widget-heading\" data-id=\"585f3cf\" data-element_type=\"widget\" data-e-type=\"widget\" data-widget_type=\"heading.default\">\n\t\t\t\t\t<h2 class=\"elementor-heading-title elementor-size-default\">Menu<\/h2>\t\t\t\t<\/div>\n\t\t\t\t<div class=\"elementor-element elementor-element-d1a6386 elementor-widget elementor-widget-text-editor\" data-id=\"d1a6386\" data-element_type=\"widget\" data-e-type=\"widget\" data-widget_type=\"text-editor.default\">\n\t\t\t\t\t\t\t\t\t<p data-start=\"238\" data-end=\"420\">Le <strong data-start=\"241\" data-end=\"281\">menu du QB Restaurant de Bellinzone<\/strong> raconte notre id\u00e9e de la cuisine : essentielle, sinc\u00e8re, guid\u00e9e par le respect de la mati\u00e8re premi\u00e8re et par la passion du go\u00fbt authentique.<\/p><p data-start=\"422\" data-end=\"793\">Chaque proposition na\u00eet d\u2019une s\u00e9lection attentive des ingr\u00e9dients et d\u2019un \u00e9quilibre recherch\u00e9 entre tradition et cr\u00e9ativit\u00e9.<br data-start=\"542\" data-end=\"545\">Ici, vous trouverez des <strong data-start=\"559\" data-end=\"590\">p\u00e2tes fra\u00eeches maison<\/strong>, accompagn\u00e9es de sauces qui valorisent les saveurs sans les masquer, des <strong data-start=\"651\" data-end=\"684\">pizzas cuites au feu de bois<\/strong>, croustillantes et l\u00e9g\u00e8res, et des <strong data-start=\"709\" data-end=\"741\">viandes s\u00e9lectionn\u00e9es \u00e0 la braise<\/strong>, cuites avec pr\u00e9cision pour en exalter chaque nuance.<\/p><p data-start=\"795\" data-end=\"948\">Notre menu suit la <strong data-start=\"819\" data-end=\"835\">saisonnalit\u00e9<\/strong> et le rythme du terroir, \u00e9voluant au fil du temps pour toujours offrir des plats authentiques, harmonieux et jamais excessifs.<\/p><p data-start=\"950\" data-end=\"1148\">Que vous choisissiez une pizza \u00e0 partager, un premier plat aux parfums d\u2019enfance ou une viande grill\u00e9e au caract\u00e8re affirm\u00e9, chaque mets est pr\u00e9par\u00e9 avec <strong data-start=\"1102\" data-end=\"1147\">Quanto Basta de soin, de passion et de respect<\/strong>.<\/p><p data-start=\"1150\" data-end=\"1261\">Prenez le temps d\u2019explorer nos propositions et laissez-vous guider par le go\u00fbt.<br data-start=\"1233\" data-end=\"1236\">La cuisine s\u2019occupe du reste.<\/p>\t\t\t\t\t\t\t\t<\/div>\n\t\t<div class=\"elementor-element elementor-element-24a1733 e-grid e-con-full e-con e-child\" data-id=\"24a1733\" data-element_type=\"container\" data-e-type=\"container\">\n\t\t\t\t<div class=\"elementor-element elementor-element-5866798 elementor-widget elementor-widget-icon-box\" data-id=\"5866798\" data-element_type=\"widget\" data-e-type=\"widget\" data-widget_type=\"icon-box.default\">\n\t\t\t\t\t\t\t<div class=\"elementor-icon-box-wrapper\">\n\n\t\t\t\n\t\t\t\t\t\t<div class=\"elementor-icon-box-content\">\n\n\t\t\t\t\t\t\t\t\t<h3 class=\"elementor-icon-box-title\">\n\t\t\t\t\t\t<a href=\"https:\/\/quantobasta.ch\/wp-content\/uploads\/sites\/6\/2026\/02\/MENU-VELOCE-QB-2.pdf\" >\n\t\t\t\t\t\t\tT\u00e9l\u00e9charger le menu de la semaine\t\t\t\t\t\t<\/a>\n\t\t\t\t\t<\/h3>\n\t\t\t\t\n\t\t\t\t\n\t\t\t<\/div>\n\t\t\t\n\t\t<\/div>\n\t\t\t\t\t\t<\/div>\n\t\t\t\t<div class=\"elementor-element elementor-element-44814df elementor-widget elementor-widget-icon-box\" data-id=\"44814df\" data-element_type=\"widget\" data-e-type=\"widget\" data-widget_type=\"icon-box.default\">\n\t\t\t\t\t\t\t<div class=\"elementor-icon-box-wrapper\">\n\n\t\t\t\n\t\t\t\t\t\t<div class=\"elementor-icon-box-content\">\n\n\t\t\t\t\t\t\t\t\t<h3 class=\"elementor-icon-box-title\">\n\t\t\t\t\t\t<a href=\"https:\/\/quantobasta.ch\/wp-content\/uploads\/sites\/6\/2026\/02\/MENU-MEZZOGIORNO-new-QB.pdf\" >\n\t\t\t\t\t\t\tT\u00e9l\u00e9charger la carte compl\u00e8te des plats\t\t\t\t\t\t<\/a>\n\t\t\t\t\t<\/h3>\n\t\t\t\t\n\t\t\t\t\n\t\t\t<\/div>\n\t\t\t\n\t\t<\/div>\n\t\t\t\t\t\t<\/div>\n\t\t\t\t<div class=\"elementor-element elementor-element-d04e3a6 elementor-widget elementor-widget-icon-box\" data-id=\"d04e3a6\" data-element_type=\"widget\" data-e-type=\"widget\" data-widget_type=\"icon-box.default\">\n\t\t\t\t\t\t\t<div class=\"elementor-icon-box-wrapper\">\n\n\t\t\t\n\t\t\t\t\t\t<div class=\"elementor-icon-box-content\">\n\n\t\t\t\t\t\t\t\t\t<h3 class=\"elementor-icon-box-title\">\n\t\t\t\t\t\t<a href=\"https:\/\/quantobasta.ch\/wp-content\/uploads\/sites\/6\/2026\/02\/MMENU-SERA-APRILE-q.b.pdf\" >\n\t\t\t\t\t\t\tT\u00e9l\u00e9charger le menu March\u00e9 tous les samedis midi\t\t\t\t\t\t<\/a>\n\t\t\t\t\t<\/h3>\n\t\t\t\t\n\t\t\t\t\n\t\t\t<\/div>\n\t\t\t\n\t\t<\/div>\n\t\t\t\t\t\t<\/div>\n\t\t\t\t<div class=\"elementor-element elementor-element-d0d0b3c elementor-widget elementor-widget-icon-box\" data-id=\"d0d0b3c\" data-element_type=\"widget\" data-e-type=\"widget\" data-widget_type=\"icon-box.default\">\n\t\t\t\t\t\t\t<div class=\"elementor-icon-box-wrapper\">\n\n\t\t\t\n\t\t\t\t\t\t<div class=\"elementor-icon-box-content\">\n\n\t\t\t\t\t\t\t\t\t<h3 class=\"elementor-icon-box-title\">\n\t\t\t\t\t\t<a href=\"https:\/\/quantobasta.ch\/wp-content\/uploads\/sites\/6\/2026\/02\/Menu-mercato.pdf\" >\n\t\t\t\t\t\t\tConsulter la carte des boissons\t\t\t\t\t\t<\/a>\n\t\t\t\t\t<\/h3>\n\t\t\t\t\n\t\t\t\t\n\t\t\t<\/div>\n\t\t\t\n\t\t<\/div>\n\t\t\t\t\t\t<\/div>\n\t\t\t\t<\/div>\n\t\t\t\t<div class=\"elementor-element elementor-element-2a724c0 elementor-widget elementor-widget-spacer\" data-id=\"2a724c0\" data-element_type=\"widget\" data-e-type=\"widget\" data-widget_type=\"spacer.default\">\n\t\t\t\t\t\t\t<div class=\"elementor-spacer\">\n\t\t\t<div class=\"elementor-spacer-inner\"><\/div>\n\t\t<\/div>\n\t\t\t\t\t\t<\/div>\n\t\t\t\t<\/div>\n\t\t\t\t\t<\/div>\n\t\t\t\t<\/div>\n\t\t<div class=\"elementor-element elementor-element-87feaf3 e-flex e-con-boxed e-con e-parent\" data-id=\"87feaf3\" data-element_type=\"container\" data-e-type=\"container\">\n\t\t\t\t\t<div class=\"e-con-inner\">\n\t\t\t\t<div class=\"elementor-element elementor-element-585eb4c elementor-widget elementor-widget-text-editor\" data-id=\"585eb4c\" data-element_type=\"widget\" data-e-type=\"widget\" data-widget_type=\"text-editor.default\">\n\t\t\t\t\t\t\t\t\t<h3 class=\"wp-block-heading\">Samedi midi<\/h3><p>Rejoignez-nous avec le <strong>menu MARCH\u00c9<\/strong> ou laissez-vous s\u00e9duire par la <strong>PIZZA cuite au feu de bois<\/strong>, pour une exp\u00e9rience authentique et v\u00e9ritable, selon l\u2019esprit QB<\/p>\t\t\t\t\t\t\t\t<\/div>\n\t\t\t\t\t<\/div>\n\t\t\t\t<\/div>\n\t\t\t\t<\/div>\n\t\t","protected":false},"excerpt":{"rendered":"<p>Nos propositions, Quanto Basta Menu Le menu du QB Restaurant de Bellinzone raconte notre id\u00e9e de la cuisine : essentielle, sinc\u00e8re, guid\u00e9e par le respect de la mati\u00e8re premi\u00e8re et par la passion du go\u00fbt authentique. Chaque proposition na\u00eet d\u2019une s\u00e9lection attentive des ingr\u00e9dients et d\u2019un \u00e9quilibre recherch\u00e9 entre tradition et cr\u00e9ativit\u00e9.Ici, vous trouverez des [&hellip;]<\/p>\n","protected":false},"author":2,"featured_media":0,"parent":0,"menu_order":0,"comment_status":"closed","ping_status":"closed","template":"","meta":{"_acf_changed":false,"_seopress_robots_primary_cat":"","_seopress_titles_title":"Menu | QB Restaurant \u00e0 Bellinzone","_seopress_titles_desc":"D\u00e9couvrez le menu du QB Restaurant \u00e0 Bellinzone : p\u00e2tes fra\u00eeches maison, pizzas cuites au feu de bois et viandes s\u00e9lectionn\u00e9es \u00e0 la braise.","_seopress_robots_index":"","footnotes":""},"class_list":["post-352","page","type-page","status-publish","hentry"],"acf":[],"_links":{"self":[{"href":"https:\/\/quantobasta.ch\/fr\/wp-json\/wp\/v2\/pages\/352","targetHints":{"allow":["GET"]}}],"collection":[{"href":"https:\/\/quantobasta.ch\/fr\/wp-json\/wp\/v2\/pages"}],"about":[{"href":"https:\/\/quantobasta.ch\/fr\/wp-json\/wp\/v2\/types\/page"}],"author":[{"embeddable":true,"href":"https:\/\/quantobasta.ch\/fr\/wp-json\/wp\/v2\/users\/2"}],"replies":[{"embeddable":true,"href":"https:\/\/quantobasta.ch\/fr\/wp-json\/wp\/v2\/comments?post=352"}],"version-history":[{"count":1,"href":"https:\/\/quantobasta.ch\/fr\/wp-json\/wp\/v2\/pages\/352\/revisions"}],"predecessor-version":[{"id":361,"href":"https:\/\/quantobasta.ch\/fr\/wp-json\/wp\/v2\/pages\/352\/revisions\/361"}],"wp:attachment":[{"href":"https:\/\/quantobasta.ch\/fr\/wp-json\/wp\/v2\/media?parent=352"}],"curies":[{"name":"wp","href":"https:\/\/api.w.org\/{rel}","templated":true}]}}