{"id":362,"date":"2026-02-09T17:42:27","date_gmt":"2026-02-09T16:42:27","guid":{"rendered":"https:\/\/quantobasta.ch\/mentions-legales\/"},"modified":"2026-02-12T10:57:05","modified_gmt":"2026-02-12T09:57:05","slug":"mentions-legales","status":"publish","type":"page","link":"https:\/\/quantobasta.ch\/fr\/mentions-legales\/","title":{"rendered":"MENTIONS L\u00c9GALES"},"content":{"rendered":"\n<h2 class=\"wp-block-heading\">Mentions l\u00e9gales<\/h2>\n\n<p><strong>QB RESTAURANT SAGL<\/strong><br\/>Viale Stefano Franscini 41<br\/>6500 Bellinzona<br\/>Suisse<\/p>\n\n<p>\ud83d\udcde <strong>T\u00e9l\u00e9phone :<\/strong> +41 91 825 10 91<br\/>\ud83d\udce7 <strong>E-mail :<\/strong> <a>info@quantobasta.ch<\/a><\/p>\n\n<p><strong>Forme juridique :<\/strong> Soci\u00e9t\u00e9 \u00e0 responsabilit\u00e9 limit\u00e9e (S\u00e0rl)<br\/><strong>Inscription au Registre du commerce :<\/strong><br\/>Office du registre du commerce du canton du Tessin<br\/>Num\u00e9ro d\u2019inscription : <strong>CH-501.4.030.054-4<\/strong><\/p>\n\n<p><strong>IDE \/ TVA :<\/strong> CHE-259.336.314<\/p>\n\n<p><strong>Direction :<\/strong><\/p>\n\n<ul class=\"wp-block-list\">\n<li>Gianluca Mario Maria Molo<\/li>\n\n\n\n<li>Daniele Rubinato<\/li>\n\n\n\n<li>Daniele Santamaria<\/li>\n<\/ul>\n\n<p><strong>Personnes habilit\u00e9es \u00e0 signer :<\/strong><\/p>\n\n<ul class=\"wp-block-list\">\n<li>Gianluca Mario Maria Molo<\/li>\n\n\n\n<li>Daniele Rubinato<\/li>\n<\/ul>\n\n<p><strong>Secteur \u00e9conomique :<\/strong><br\/>Exploitation d\u2019\u00e9tablissements gastronomiques<\/p>\n\n<p><strong>But de la soci\u00e9t\u00e9 :<\/strong><br\/>La soci\u00e9t\u00e9 a pour but la gestion, la direction et l\u2019exploitation de restaurants, bars, caf\u00e9s et \u00e9tablissements publics de toute nature, ainsi que la fourniture de services de restauration, y compris le traiteur, la pr\u00e9paration et la vente de repas \u00e0 l\u2019emporter, l\u2019organisation d\u2019\u00e9v\u00e9nements et de manifestations, ainsi que toutes les activit\u00e9s commerciales et financi\u00e8res li\u00e9es \u00e0 l\u2019objet social.<\/p>\n\n<hr class=\"wp-block-separator has-alpha-channel-opacity\"\/>\n\n<h3 class=\"wp-block-heading\">R\u00e9alisation du site web<\/h3>\n\n<p>Site web r\u00e9alis\u00e9 par <strong>Swiss Web Studio<\/strong><br\/>\ud83c\udf10 <a href=\"https:\/\/swisswebstudio.com\">https:\/\/swisswebstudio.com<\/a><\/p>\n","protected":false},"excerpt":{"rendered":"<p>Mentions l\u00e9gales QB RESTAURANT SAGLViale Stefano Franscini 416500 BellinzonaSuisse \ud83d\udcde T\u00e9l\u00e9phone : +41 91 825 10 91\ud83d\udce7 E-mail : info@quantobasta.ch Forme juridique : Soci\u00e9t\u00e9 \u00e0 responsabilit\u00e9 limit\u00e9e (S\u00e0rl)Inscription au Registre du commerce :Office du registre du commerce du canton du TessinNum\u00e9ro d\u2019inscription : CH-501.4.030.054-4 IDE \/ TVA : CHE-259.336.314 Direction : Personnes habilit\u00e9es \u00e0 signer [&hellip;]<\/p>\n","protected":false},"author":2,"featured_media":0,"parent":0,"menu_order":0,"comment_status":"closed","ping_status":"closed","template":"","meta":{"_acf_changed":false,"_seopress_robots_primary_cat":"","_seopress_titles_title":"","_seopress_titles_desc":"","_seopress_robots_index":"","footnotes":""},"class_list":["post-362","page","type-page","status-publish","hentry"],"acf":[],"_links":{"self":[{"href":"https:\/\/quantobasta.ch\/fr\/wp-json\/wp\/v2\/pages\/362","targetHints":{"allow":["GET"]}}],"collection":[{"href":"https:\/\/quantobasta.ch\/fr\/wp-json\/wp\/v2\/pages"}],"about":[{"href":"https:\/\/quantobasta.ch\/fr\/wp-json\/wp\/v2\/types\/page"}],"author":[{"embeddable":true,"href":"https:\/\/quantobasta.ch\/fr\/wp-json\/wp\/v2\/users\/2"}],"replies":[{"embeddable":true,"href":"https:\/\/quantobasta.ch\/fr\/wp-json\/wp\/v2\/comments?post=362"}],"version-history":[{"count":1,"href":"https:\/\/quantobasta.ch\/fr\/wp-json\/wp\/v2\/pages\/362\/revisions"}],"predecessor-version":[{"id":363,"href":"https:\/\/quantobasta.ch\/fr\/wp-json\/wp\/v2\/pages\/362\/revisions\/363"}],"wp:attachment":[{"href":"https:\/\/quantobasta.ch\/fr\/wp-json\/wp\/v2\/media?parent=362"}],"curies":[{"name":"wp","href":"https:\/\/api.w.org\/{rel}","templated":true}]}}